{"id":2678,"date":"2024-08-14T11:49:32","date_gmt":"2024-08-14T11:49:32","guid":{"rendered":"https:\/\/ipsophene.eu\/nuestros-socios\/"},"modified":"2024-10-11T10:30:02","modified_gmt":"2024-10-11T10:30:02","slug":"nuestros-socios","status":"publish","type":"page","link":"https:\/\/ipsophene.eu\/es\/nuestros-socios\/","title":{"rendered":"Nuestros socios"},"content":{"rendered":"\t\t<div data-elementor-type=\"wp-page\" data-elementor-id=\"2678\" class=\"elementor elementor-2678 elementor-44\" data-elementor-post-type=\"page\">\n\t\t\t\t<div class=\"elementor-element elementor-element-3fe81c1 e-flex e-con-boxed e-con e-parent\" data-id=\"3fe81c1\" data-element_type=\"container\">\n\t\t\t\t\t<div class=\"e-con-inner\">\n\t\t\t\t<div class=\"elementor-element elementor-element-c639b14 elementor-widget__width-initial elementor-invisible elementor-widget elementor-widget-heading\" data-id=\"c639b14\" data-element_type=\"widget\" data-settings=\"{&quot;_animation&quot;:&quot;fadeIn&quot;}\" data-widget_type=\"heading.default\">\n\t\t\t\t<div class=\"elementor-widget-container\">\n\t\t\t\t\t<h2 class=\"elementor-heading-title elementor-size-default\">Apoyan el Ipsofeno<\/h2>\t\t\t\t<\/div>\n\t\t\t\t<\/div>\n\t\t\t\t<div class=\"elementor-element elementor-element-800d17e elementor-widget-divider--view-line_text elementor-widget-divider--element-align-center elementor-invisible elementor-widget elementor-widget-divider\" data-id=\"800d17e\" data-element_type=\"widget\" data-settings=\"{&quot;_animation&quot;:&quot;zoomIn&quot;}\" data-widget_type=\"divider.default\">\n\t\t\t\t<div class=\"elementor-widget-container\">\n\t\t\t\t\t\t\t<div class=\"elementor-divider\">\n\t\t\t<span class=\"elementor-divider-separator\">\n\t\t\t\t\t\t<\/span>\n\t\t<\/div>\n\t\t\t\t\t\t<\/div>\n\t\t\t\t<\/div>\n\t\t\t\t<div class=\"elementor-element elementor-element-e388992 elementor-widget__width-initial elementor-invisible elementor-widget elementor-widget-text-editor\" data-id=\"e388992\" data-element_type=\"widget\" data-settings=\"{&quot;_animation&quot;:&quot;fadeIn&quot;}\" data-widget_type=\"text-editor.default\">\n\t\t\t\t<div class=\"elementor-widget-container\">\n\t\t\t\t\t\t\t\t\t<p>Estamos orgullosos de trabajar con socios comprometidos que comparten nuestra visi\u00f3n de una producci\u00f3n farmac\u00e9utica sostenible y local.<\/p>\n<p>Su apoyo es esencial para nuestros proyectos. Descubre m\u00e1s sobre algunas de las empresas y organizaciones que colaboran con nosotros en esta aventura. <\/p>\n\t\t\t\t\t\t\t\t<\/div>\n\t\t\t\t<\/div>\n\t\t\t\t<div class=\"elementor-element elementor-element-dfc755b elementor-widget elementor-widget-shortcode\" data-id=\"dfc755b\" data-element_type=\"widget\" data-widget_type=\"shortcode.default\">\n\t\t\t\t<div class=\"elementor-widget-container\">\n\t\t\t\t\t<div class=\"partner-container\">\r\n    <div id=\"partner-tabs\">\r\n                    <a class=\"partner-tab\" data-id=\"48\">Socios privados<\/a>\r\n                    <a class=\"partner-tab\" data-id=\"54\">Socios institucionales<\/a>\r\n                    <a class=\"partner-tab\" data-id=\"51\">Socios p\u00fablicos<\/a>\r\n            <\/div>\r\n    <div class=\"partner-tab-content\">\r\n                    <div class=\"partner-card partner-card-archive partner-tab-content-48\">\r\n                <img decoding=\"async\" src=\"https:\/\/i0.wp.com\/ipsophene.eu\/wp-content\/uploads\/2024\/08\/prive-BANQUE_POPULAIRE_OC_LOGO_3LD_RVB.png?fit=276%2C117&ssl=1\" alt=\"Banque Populaire Occitane\">\r\n            <\/div>\r\n\r\n                    <div class=\"partner-card partner-card-archive partner-tab-content-48\">\r\n                <img decoding=\"async\" src=\"https:\/\/i0.wp.com\/ipsophene.eu\/wp-content\/uploads\/2024\/08\/prive-banque-ca-Toulouse_31-v-CMJN.png?fit=168%2C117&ssl=1\" alt=\"Ariane Groupe\">\r\n            <\/div>\r\n\r\n                    <div class=\"partner-card partner-card-archive partner-tab-content-48\">\r\n                <img decoding=\"async\" src=\"https:\/\/i0.wp.com\/ipsophene.eu\/wp-content\/uploads\/2024\/08\/prive-caissee-par-logo-midi-pyrennees.png?fit=275%2C73&ssl=1\" alt=\"Caisse d\u2019Epargne Midi-Pyr\u00e9n\u00e9es\">\r\n            <\/div>\r\n\r\n                    <div class=\"partner-card partner-card-archive partner-tab-content-48\">\r\n                <img decoding=\"async\" src=\"https:\/\/i0.wp.com\/ipsophene.eu\/wp-content\/uploads\/2024\/08\/flavine-logo.png?fit=826%2C208&ssl=1\" alt=\"Flavine\">\r\n            <\/div>\r\n\r\n                    <div class=\"partner-card partner-card-archive partner-tab-content-48\">\r\n                <img decoding=\"async\" src=\"https:\/\/i0.wp.com\/ipsophene.eu\/wp-content\/uploads\/2024\/08\/prive-Logo-Upsa.png?fit=242%2C72&ssl=1\" alt=\"UPSA\">\r\n            <\/div>\r\n\r\n                    <div class=\"partner-card partner-card-archive partner-tab-content-54\">\r\n                <img decoding=\"async\" src=\"https:\/\/i0.wp.com\/ipsophene.eu\/wp-content\/uploads\/2024\/08\/institute-CESER-occitanie.png?fit=89%2C117&ssl=1\" alt=\"CESER Occitanie\">\r\n            <\/div>\r\n\r\n                    <div class=\"partner-card partner-card-archive partner-tab-content-54\">\r\n                <img decoding=\"async\" src=\"https:\/\/i0.wp.com\/ipsophene.eu\/wp-content\/uploads\/2024\/08\/institute-france-chimie-occitanie.png?fit=134%2C117&ssl=1\" alt=\"France Chimie\">\r\n            <\/div>\r\n\r\n                    <div class=\"partner-card partner-card-archive partner-tab-content-54\">\r\n                <img decoding=\"async\" src=\"https:\/\/i0.wp.com\/ipsophene.eu\/wp-content\/uploads\/2024\/08\/institute-SICOS.png?fit=205%2C100&ssl=1\" alt=\"SICOS\">\r\n            <\/div>\r\n\r\n                    <div class=\"partner-card partner-card-archive partner-tab-content-51\">\r\n                <img decoding=\"async\" src=\"https:\/\/i0.wp.com\/ipsophene.eu\/wp-content\/uploads\/2024\/08\/public-2030-rouge-bleu.png?fit=119%2C117&ssl=1\" alt=\"France 2030\">\r\n            <\/div>\r\n\r\n                    <div class=\"partner-card partner-card-archive partner-tab-content-51\">\r\n                <img decoding=\"async\" src=\"https:\/\/i0.wp.com\/ipsophene.eu\/wp-content\/uploads\/2024\/08\/public-BPI1.png?fit=240%2C69&ssl=1\" alt=\"BPI\">\r\n            <\/div>\r\n\r\n                    <div class=\"partner-card partner-card-archive partner-tab-content-51\">\r\n                <img decoding=\"async\" src=\"https:\/\/i0.wp.com\/ipsophene.eu\/wp-content\/uploads\/2024\/08\/public-INP-toulouse.png?fit=149%2C104&ssl=1\" alt=\"INP Toulouse\">\r\n            <\/div>\r\n\r\n                    <div class=\"partner-card partner-card-archive partner-tab-content-51\">\r\n                <img decoding=\"async\" src=\"https:\/\/i0.wp.com\/ipsophene.eu\/wp-content\/uploads\/2024\/08\/public-INSA_rouen.png?fit=276%2C71&ssl=1\" alt=\"INSA Rouen\">\r\n            <\/div>\r\n\r\n                    <div class=\"partner-card partner-card-archive partner-tab-content-51\">\r\n                <img decoding=\"async\" src=\"https:\/\/i0.wp.com\/ipsophene.eu\/wp-content\/uploads\/2024\/08\/public-occitanie-rectangle-quadri.png?fit=195%2C87&ssl=1\" alt=\"R\u00e9gion Occitanie\">\r\n            <\/div>\r\n\r\n                    <div class=\"partner-card partner-card-archive partner-tab-content-51\">\r\n                <img decoding=\"async\" src=\"https:\/\/i0.wp.com\/ipsophene.eu\/wp-content\/uploads\/2024\/08\/public-toulouse-metropole.png?fit=276%2C76&ssl=1\" alt=\"Toulouse M\u00e9tropole\">\r\n            <\/div>\r\n\r\n            <\/div>\r\n<\/div>\t\t<div class=\"elementor-shortcode\"><\/div>\n\t\t\t\t\t\t<\/div>\n\t\t\t\t<\/div>\n\t\t\t\t\t<\/div>\n\t\t\t\t<\/div>\n\t\t\t\t<\/div>\n\t\t","protected":false},"excerpt":{"rendered":"<p>Apoyan el Ipsofeno Estamos orgullosos de trabajar con socios comprometidos que comparten nuestra visi\u00f3n de una producci\u00f3n farmac\u00e9utica sostenible y local. Su apoyo es esencial para nuestros proyectos. Descubre m\u00e1s sobre algunas de las empresas y organizaciones que colaboran con nosotros en esta aventura.<\/p>\n","protected":false},"author":3,"featured_media":0,"parent":0,"menu_order":0,"comment_status":"closed","ping_status":"closed","template":"elementor_header_footer","meta":{"_acf_changed":false,"footnotes":""},"class_list":["post-2678","page","type-page","status-publish","hentry"],"acf":[],"yoast_head":"<!-- This site is optimized with the Yoast SEO plugin v24.2 - https:\/\/yoast.com\/wordpress\/plugins\/seo\/ -->\n<title>Nuestros socios - Ipsophene<\/title>\n<meta name=\"robots\" content=\"index, follow, max-snippet:-1, max-image-preview:large, max-video-preview:-1\" \/>\n<link rel=\"canonical\" href=\"https:\/\/ipsophene.eu\/es\/nuestros-socios\/\" \/>\n<meta property=\"og:locale\" content=\"es_ES\" \/>\n<meta property=\"og:type\" content=\"article\" \/>\n<meta property=\"og:title\" content=\"Nuestros socios - Ipsophene\" \/>\n<meta property=\"og:description\" content=\"Apoyan el Ipsofeno Estamos orgullosos de trabajar con socios comprometidos que comparten nuestra visi\u00f3n de una producci\u00f3n farmac\u00e9utica sostenible y local. Su apoyo es esencial para nuestros proyectos. Descubre m\u00e1s sobre algunas de las empresas y organizaciones que colaboran con nosotros en esta aventura.\" \/>\n<meta property=\"og:url\" content=\"https:\/\/ipsophene.eu\/es\/nuestros-socios\/\" \/>\n<meta property=\"og:site_name\" content=\"Ipsophene\" \/>\n<meta property=\"article:modified_time\" content=\"2024-10-11T10:30:02+00:00\" \/>\n<meta name=\"twitter:card\" content=\"summary_large_image\" \/>\n<script type=\"application\/ld+json\" class=\"yoast-schema-graph\">{\"@context\":\"https:\/\/schema.org\",\"@graph\":[{\"@type\":\"WebPage\",\"@id\":\"https:\/\/ipsophene.eu\/es\/nuestros-socios\/\",\"url\":\"https:\/\/ipsophene.eu\/es\/nuestros-socios\/\",\"name\":\"Nuestros socios - Ipsophene\",\"isPartOf\":{\"@id\":\"https:\/\/ipsophene.eu\/es\/#website\"},\"datePublished\":\"2024-08-14T11:49:32+00:00\",\"dateModified\":\"2024-10-11T10:30:02+00:00\",\"breadcrumb\":{\"@id\":\"https:\/\/ipsophene.eu\/es\/nuestros-socios\/#breadcrumb\"},\"inLanguage\":\"es\",\"potentialAction\":[{\"@type\":\"ReadAction\",\"target\":[\"https:\/\/ipsophene.eu\/es\/nuestros-socios\/\"]}]},{\"@type\":\"BreadcrumbList\",\"@id\":\"https:\/\/ipsophene.eu\/es\/nuestros-socios\/#breadcrumb\",\"itemListElement\":[{\"@type\":\"ListItem\",\"position\":1,\"name\":\"Home\",\"item\":\"https:\/\/ipsophene.eu\/es\/\"},{\"@type\":\"ListItem\",\"position\":2,\"name\":\"Nuestros socios\"}]},{\"@type\":\"WebSite\",\"@id\":\"https:\/\/ipsophene.eu\/es\/#website\",\"url\":\"https:\/\/ipsophene.eu\/es\/\",\"name\":\"Ipsophene\",\"description\":\"Manufacturing paracetamol in continuous flow\",\"publisher\":{\"@id\":\"https:\/\/ipsophene.eu\/es\/#organization\"},\"potentialAction\":[{\"@type\":\"SearchAction\",\"target\":{\"@type\":\"EntryPoint\",\"urlTemplate\":\"https:\/\/ipsophene.eu\/es\/?s={search_term_string}\"},\"query-input\":{\"@type\":\"PropertyValueSpecification\",\"valueRequired\":true,\"valueName\":\"search_term_string\"}}],\"inLanguage\":\"es\"},{\"@type\":\"Organization\",\"@id\":\"https:\/\/ipsophene.eu\/es\/#organization\",\"name\":\"Ipsophene\",\"url\":\"https:\/\/ipsophene.eu\/es\/\",\"logo\":{\"@type\":\"ImageObject\",\"inLanguage\":\"es\",\"@id\":\"https:\/\/ipsophene.eu\/es\/#\/schema\/logo\/image\/\",\"url\":\"https:\/\/ipsophene.eu\/wp-content\/uploads\/2024\/08\/ipso-noir.svg\",\"contentUrl\":\"https:\/\/ipsophene.eu\/wp-content\/uploads\/2024\/08\/ipso-noir.svg\",\"width\":163,\"height\":46,\"caption\":\"Ipsophene\"},\"image\":{\"@id\":\"https:\/\/ipsophene.eu\/es\/#\/schema\/logo\/image\/\"}}]}<\/script>\n<!-- \/ Yoast SEO plugin. -->","yoast_head_json":{"title":"Nuestros socios - Ipsophene","robots":{"index":"index","follow":"follow","max-snippet":"max-snippet:-1","max-image-preview":"max-image-preview:large","max-video-preview":"max-video-preview:-1"},"canonical":"https:\/\/ipsophene.eu\/es\/nuestros-socios\/","og_locale":"es_ES","og_type":"article","og_title":"Nuestros socios - Ipsophene","og_description":"Apoyan el Ipsofeno Estamos orgullosos de trabajar con socios comprometidos que comparten nuestra visi\u00f3n de una producci\u00f3n farmac\u00e9utica sostenible y local. Su apoyo es esencial para nuestros proyectos. Descubre m\u00e1s sobre algunas de las empresas y organizaciones que colaboran con nosotros en esta aventura.","og_url":"https:\/\/ipsophene.eu\/es\/nuestros-socios\/","og_site_name":"Ipsophene","article_modified_time":"2024-10-11T10:30:02+00:00","twitter_card":"summary_large_image","schema":{"@context":"https:\/\/schema.org","@graph":[{"@type":"WebPage","@id":"https:\/\/ipsophene.eu\/es\/nuestros-socios\/","url":"https:\/\/ipsophene.eu\/es\/nuestros-socios\/","name":"Nuestros socios - Ipsophene","isPartOf":{"@id":"https:\/\/ipsophene.eu\/es\/#website"},"datePublished":"2024-08-14T11:49:32+00:00","dateModified":"2024-10-11T10:30:02+00:00","breadcrumb":{"@id":"https:\/\/ipsophene.eu\/es\/nuestros-socios\/#breadcrumb"},"inLanguage":"es","potentialAction":[{"@type":"ReadAction","target":["https:\/\/ipsophene.eu\/es\/nuestros-socios\/"]}]},{"@type":"BreadcrumbList","@id":"https:\/\/ipsophene.eu\/es\/nuestros-socios\/#breadcrumb","itemListElement":[{"@type":"ListItem","position":1,"name":"Home","item":"https:\/\/ipsophene.eu\/es\/"},{"@type":"ListItem","position":2,"name":"Nuestros socios"}]},{"@type":"WebSite","@id":"https:\/\/ipsophene.eu\/es\/#website","url":"https:\/\/ipsophene.eu\/es\/","name":"Ipsophene","description":"Manufacturing paracetamol in continuous flow","publisher":{"@id":"https:\/\/ipsophene.eu\/es\/#organization"},"potentialAction":[{"@type":"SearchAction","target":{"@type":"EntryPoint","urlTemplate":"https:\/\/ipsophene.eu\/es\/?s={search_term_string}"},"query-input":{"@type":"PropertyValueSpecification","valueRequired":true,"valueName":"search_term_string"}}],"inLanguage":"es"},{"@type":"Organization","@id":"https:\/\/ipsophene.eu\/es\/#organization","name":"Ipsophene","url":"https:\/\/ipsophene.eu\/es\/","logo":{"@type":"ImageObject","inLanguage":"es","@id":"https:\/\/ipsophene.eu\/es\/#\/schema\/logo\/image\/","url":"https:\/\/ipsophene.eu\/wp-content\/uploads\/2024\/08\/ipso-noir.svg","contentUrl":"https:\/\/ipsophene.eu\/wp-content\/uploads\/2024\/08\/ipso-noir.svg","width":163,"height":46,"caption":"Ipsophene"},"image":{"@id":"https:\/\/ipsophene.eu\/es\/#\/schema\/logo\/image\/"}}]}},"jetpack_sharing_enabled":true,"_links":{"self":[{"href":"https:\/\/ipsophene.eu\/es\/wp-json\/wp\/v2\/pages\/2678","targetHints":{"allow":["GET"]}}],"collection":[{"href":"https:\/\/ipsophene.eu\/es\/wp-json\/wp\/v2\/pages"}],"about":[{"href":"https:\/\/ipsophene.eu\/es\/wp-json\/wp\/v2\/types\/page"}],"author":[{"embeddable":true,"href":"https:\/\/ipsophene.eu\/es\/wp-json\/wp\/v2\/users\/3"}],"replies":[{"embeddable":true,"href":"https:\/\/ipsophene.eu\/es\/wp-json\/wp\/v2\/comments?post=2678"}],"version-history":[{"count":2,"href":"https:\/\/ipsophene.eu\/es\/wp-json\/wp\/v2\/pages\/2678\/revisions"}],"predecessor-version":[{"id":2681,"href":"https:\/\/ipsophene.eu\/es\/wp-json\/wp\/v2\/pages\/2678\/revisions\/2681"}],"wp:attachment":[{"href":"https:\/\/ipsophene.eu\/es\/wp-json\/wp\/v2\/media?parent=2678"}],"curies":[{"name":"wp","href":"https:\/\/api.w.org\/{rel}","templated":true}]}}